{"id":1684,"date":"2019-09-05T07:39:09","date_gmt":"2019-09-05T07:39:09","guid":{"rendered":"https:\/\/olloworld.com\/magazine\/?page_id=1684"},"modified":"2020-11-05T09:54:19","modified_gmt":"2020-11-05T09:54:19","slug":"ollo-world-app","status":"publish","type":"page","link":"https:\/\/olloworld.com\/magazine\/de\/ollo-world-app\/","title":{"rendered":"OllO World APP"},"content":{"rendered":"\n<figure class=\"wp-block-image\"><img loading=\"lazy\" decoding=\"async\" width=\"2000\" height=\"530\" src=\"https:\/\/olloworld.com\/magazine\/wp-content\/uploads\/2019\/09\/Banner-Transparent-Gradient_2000px.png\" alt=\"\" class=\"wp-image-1732\" srcset=\"https:\/\/olloworld.com\/magazine\/wp-content\/uploads\/2019\/09\/Banner-Transparent-Gradient_2000px.png 2000w, https:\/\/olloworld.com\/magazine\/wp-content\/uploads\/2019\/09\/Banner-Transparent-Gradient_2000px-300x80.png 300w, https:\/\/olloworld.com\/magazine\/wp-content\/uploads\/2019\/09\/Banner-Transparent-Gradient_2000px-1024x271.png 1024w, https:\/\/olloworld.com\/magazine\/wp-content\/uploads\/2019\/09\/Banner-Transparent-Gradient_2000px-300x80@2x.png 600w\" sizes=\"auto, (max-width: 2000px) 100vw, 2000px\" \/><\/figure>\n\n\n\n<p>OllO World App. OllO World ist eine <strong>Kommunikations-Plattform<\/strong> f\u00fcr Reise- und Freizeitaktivit\u00e4ten. Benutzer erstellen ihre eigenen Pins und Pfade, um die besuchten Orte zu dokumentieren. Andere Benutzer k\u00f6nnen Feedbacks und Kommentare hinzuf\u00fcgen. Alle Pins, auch die anderer, d\u00fcrfen in den eigenen Pfad integriert werden. Damit ist die App eine Inspirationsplattform f\u00fcr zuk\u00fcnftige Abenteuer.<\/p>\n\n\n\n<p>Lade die App jetzt aus dem App Store<br><a href=\"https:\/\/apps.apple.com\/us\/app\/ollo-world\/id1468365336?ls=1\"><img loading=\"lazy\" decoding=\"async\" width=\"150\" height=\"52\" class=\"wp-image-1728\" style=\"width: 150px;\" src=\"https:\/\/olloworld.com\/magazine\/wp-content\/uploads\/2019\/09\/App-Store-Logo_300px.png\" alt=\"\"><\/a><\/p>\n\n\n\n<figure class=\"wp-block-gallery columns-3 is-cropped wp-block-gallery-1 is-layout-flex wp-block-gallery-is-layout-flex\"><ul class=\"blocks-gallery-grid\"><li class=\"blocks-gallery-item\"><figure><img loading=\"lazy\" decoding=\"async\" width=\"473\" height=\"1024\" src=\"https:\/\/olloworld.com\/magazine\/wp-content\/uploads\/2020\/11\/Neue-Screen-Shots-f\u00fcr-App-Store-f\u00fcr-Magazine.002-473x1024.png\" alt=\"\" data-id=\"2983\" data-link=\"https:\/\/olloworld.com\/magazine\/de\/ollo-world-app\/neue-screen-shots-fur-app-store-fur-magazine-002\/\" class=\"wp-image-2983\" srcset=\"https:\/\/olloworld.com\/magazine\/wp-content\/uploads\/2020\/11\/Neue-Screen-Shots-f\u00fcr-App-Store-f\u00fcr-Magazine.002-473x1024.png 473w, https:\/\/olloworld.com\/magazine\/wp-content\/uploads\/2020\/11\/Neue-Screen-Shots-f\u00fcr-App-Store-f\u00fcr-Magazine.002-139x300.png 139w, https:\/\/olloworld.com\/magazine\/wp-content\/uploads\/2020\/11\/Neue-Screen-Shots-f\u00fcr-App-Store-f\u00fcr-Magazine.002-710x1536.png 710w, https:\/\/olloworld.com\/magazine\/wp-content\/uploads\/2020\/11\/Neue-Screen-Shots-f\u00fcr-App-Store-f\u00fcr-Magazine.002-946x2048.png 946w, https:\/\/olloworld.com\/magazine\/wp-content\/uploads\/2020\/11\/Neue-Screen-Shots-f\u00fcr-App-Store-f\u00fcr-Magazine.002.png 1242w, https:\/\/olloworld.com\/magazine\/wp-content\/uploads\/2020\/11\/Neue-Screen-Shots-f\u00fcr-App-Store-f\u00fcr-Magazine.002-139x300@2x.png 278w\" sizes=\"auto, (max-width: 473px) 100vw, 473px\" \/><\/figure><\/li><li class=\"blocks-gallery-item\"><figure><img loading=\"lazy\" decoding=\"async\" width=\"473\" height=\"1024\" src=\"https:\/\/olloworld.com\/magazine\/wp-content\/uploads\/2020\/11\/Neue-Screen-Shots-f\u00fcr-App-Store-f\u00fcr-Magazine.004-473x1024.png\" alt=\"\" data-id=\"2984\" data-link=\"https:\/\/olloworld.com\/magazine\/de\/ollo-world-app\/neue-screen-shots-fur-app-store-fur-magazine-004\/\" class=\"wp-image-2984\" srcset=\"https:\/\/olloworld.com\/magazine\/wp-content\/uploads\/2020\/11\/Neue-Screen-Shots-f\u00fcr-App-Store-f\u00fcr-Magazine.004-473x1024.png 473w, https:\/\/olloworld.com\/magazine\/wp-content\/uploads\/2020\/11\/Neue-Screen-Shots-f\u00fcr-App-Store-f\u00fcr-Magazine.004-139x300.png 139w, https:\/\/olloworld.com\/magazine\/wp-content\/uploads\/2020\/11\/Neue-Screen-Shots-f\u00fcr-App-Store-f\u00fcr-Magazine.004-710x1536.png 710w, https:\/\/olloworld.com\/magazine\/wp-content\/uploads\/2020\/11\/Neue-Screen-Shots-f\u00fcr-App-Store-f\u00fcr-Magazine.004-946x2048.png 946w, https:\/\/olloworld.com\/magazine\/wp-content\/uploads\/2020\/11\/Neue-Screen-Shots-f\u00fcr-App-Store-f\u00fcr-Magazine.004.png 1242w, https:\/\/olloworld.com\/magazine\/wp-content\/uploads\/2020\/11\/Neue-Screen-Shots-f\u00fcr-App-Store-f\u00fcr-Magazine.004-139x300@2x.png 278w\" sizes=\"auto, (max-width: 473px) 100vw, 473px\" \/><\/figure><\/li><li class=\"blocks-gallery-item\"><figure><img loading=\"lazy\" decoding=\"async\" width=\"473\" height=\"1024\" src=\"https:\/\/olloworld.com\/magazine\/wp-content\/uploads\/2020\/11\/Neue-Screen-Shots-f\u00fcr-App-Store-f\u00fcr-Magazine.006-473x1024.png\" alt=\"\" data-id=\"2985\" data-link=\"https:\/\/olloworld.com\/magazine\/de\/ollo-world-app\/neue-screen-shots-fur-app-store-fur-magazine-006\/\" class=\"wp-image-2985\" srcset=\"https:\/\/olloworld.com\/magazine\/wp-content\/uploads\/2020\/11\/Neue-Screen-Shots-f\u00fcr-App-Store-f\u00fcr-Magazine.006-473x1024.png 473w, https:\/\/olloworld.com\/magazine\/wp-content\/uploads\/2020\/11\/Neue-Screen-Shots-f\u00fcr-App-Store-f\u00fcr-Magazine.006-139x300.png 139w, https:\/\/olloworld.com\/magazine\/wp-content\/uploads\/2020\/11\/Neue-Screen-Shots-f\u00fcr-App-Store-f\u00fcr-Magazine.006-710x1536.png 710w, https:\/\/olloworld.com\/magazine\/wp-content\/uploads\/2020\/11\/Neue-Screen-Shots-f\u00fcr-App-Store-f\u00fcr-Magazine.006-946x2048.png 946w, https:\/\/olloworld.com\/magazine\/wp-content\/uploads\/2020\/11\/Neue-Screen-Shots-f\u00fcr-App-Store-f\u00fcr-Magazine.006.png 1242w, https:\/\/olloworld.com\/magazine\/wp-content\/uploads\/2020\/11\/Neue-Screen-Shots-f\u00fcr-App-Store-f\u00fcr-Magazine.006-139x300@2x.png 278w\" sizes=\"auto, (max-width: 473px) 100vw, 473px\" \/><\/figure><\/li><li class=\"blocks-gallery-item\"><figure><img loading=\"lazy\" decoding=\"async\" width=\"473\" height=\"1024\" src=\"https:\/\/olloworld.com\/magazine\/wp-content\/uploads\/2020\/11\/Neue-Screen-Shots-f\u00fcr-App-Store-f\u00fcr-Magazine.008-473x1024.png\" alt=\"\" data-id=\"2986\" data-link=\"https:\/\/olloworld.com\/magazine\/de\/ollo-world-app\/neue-screen-shots-fur-app-store-fur-magazine-008\/\" class=\"wp-image-2986\" srcset=\"https:\/\/olloworld.com\/magazine\/wp-content\/uploads\/2020\/11\/Neue-Screen-Shots-f\u00fcr-App-Store-f\u00fcr-Magazine.008-473x1024.png 473w, https:\/\/olloworld.com\/magazine\/wp-content\/uploads\/2020\/11\/Neue-Screen-Shots-f\u00fcr-App-Store-f\u00fcr-Magazine.008-139x300.png 139w, https:\/\/olloworld.com\/magazine\/wp-content\/uploads\/2020\/11\/Neue-Screen-Shots-f\u00fcr-App-Store-f\u00fcr-Magazine.008-710x1536.png 710w, https:\/\/olloworld.com\/magazine\/wp-content\/uploads\/2020\/11\/Neue-Screen-Shots-f\u00fcr-App-Store-f\u00fcr-Magazine.008-946x2048.png 946w, https:\/\/olloworld.com\/magazine\/wp-content\/uploads\/2020\/11\/Neue-Screen-Shots-f\u00fcr-App-Store-f\u00fcr-Magazine.008.png 1242w, https:\/\/olloworld.com\/magazine\/wp-content\/uploads\/2020\/11\/Neue-Screen-Shots-f\u00fcr-App-Store-f\u00fcr-Magazine.008-139x300@2x.png 278w\" sizes=\"auto, (max-width: 473px) 100vw, 473px\" \/><\/figure><\/li><li class=\"blocks-gallery-item\"><figure><img loading=\"lazy\" decoding=\"async\" width=\"473\" height=\"1024\" src=\"https:\/\/olloworld.com\/magazine\/wp-content\/uploads\/2020\/11\/Neue-Screen-Shots-f\u00fcr-App-Store-f\u00fcr-Magazine.010-473x1024.png\" alt=\"\" data-id=\"2988\" data-full-url=\"https:\/\/olloworld.com\/magazine\/wp-content\/uploads\/2020\/11\/Neue-Screen-Shots-f\u00fcr-App-Store-f\u00fcr-Magazine.010.png\" data-link=\"https:\/\/olloworld.com\/magazine\/de\/ollo-world-app\/neue-screen-shots-fur-app-store-fur-magazine-010\/\" class=\"wp-image-2988\" srcset=\"https:\/\/olloworld.com\/magazine\/wp-content\/uploads\/2020\/11\/Neue-Screen-Shots-f\u00fcr-App-Store-f\u00fcr-Magazine.010-473x1024.png 473w, https:\/\/olloworld.com\/magazine\/wp-content\/uploads\/2020\/11\/Neue-Screen-Shots-f\u00fcr-App-Store-f\u00fcr-Magazine.010-139x300.png 139w, https:\/\/olloworld.com\/magazine\/wp-content\/uploads\/2020\/11\/Neue-Screen-Shots-f\u00fcr-App-Store-f\u00fcr-Magazine.010-710x1536.png 710w, https:\/\/olloworld.com\/magazine\/wp-content\/uploads\/2020\/11\/Neue-Screen-Shots-f\u00fcr-App-Store-f\u00fcr-Magazine.010-946x2048.png 946w, https:\/\/olloworld.com\/magazine\/wp-content\/uploads\/2020\/11\/Neue-Screen-Shots-f\u00fcr-App-Store-f\u00fcr-Magazine.010.png 1242w, https:\/\/olloworld.com\/magazine\/wp-content\/uploads\/2020\/11\/Neue-Screen-Shots-f\u00fcr-App-Store-f\u00fcr-Magazine.010-139x300@2x.png 278w\" sizes=\"auto, (max-width: 473px) 100vw, 473px\" \/><\/figure><\/li><\/ul><\/figure>\n\n\n\n<figure class=\"wp-block-gallery columns-1 is-cropped wp-block-gallery-2 is-layout-flex wp-block-gallery-is-layout-flex\"><ul class=\"blocks-gallery-grid\"><li class=\"blocks-gallery-item\"><figure><img loading=\"lazy\" decoding=\"async\" width=\"1024\" height=\"681\" src=\"https:\/\/olloworld.com\/magazine\/wp-content\/uploads\/2019\/07\/Screen-Shot-2019-07-27-at-16.02.47-1024x681.png\" alt=\"\" data-id=\"1690\" data-link=\"https:\/\/olloworld.com\/magazine\/?attachment_id=1690\" class=\"wp-image-1690\" srcset=\"https:\/\/olloworld.com\/magazine\/wp-content\/uploads\/2019\/07\/Screen-Shot-2019-07-27-at-16.02.47-1024x681.png 1024w, https:\/\/olloworld.com\/magazine\/wp-content\/uploads\/2019\/07\/Screen-Shot-2019-07-27-at-16.02.47-300x200.png 300w, https:\/\/olloworld.com\/magazine\/wp-content\/uploads\/2019\/07\/Screen-Shot-2019-07-27-at-16.02.47.png 1494w, https:\/\/olloworld.com\/magazine\/wp-content\/uploads\/2019\/07\/Screen-Shot-2019-07-27-at-16.02.47-300x200@2x.png 600w\" sizes=\"auto, (max-width: 1024px) 100vw, 1024px\" \/><\/figure><\/li><\/ul><figcaption class=\"blocks-gallery-caption\">Home Screen Icons<\/figcaption><\/figure>\n\n\n\n<figure class=\"wp-block-gallery columns-1 is-cropped wp-block-gallery-3 is-layout-flex wp-block-gallery-is-layout-flex\"><ul class=\"blocks-gallery-grid\"><li class=\"blocks-gallery-item\"><figure><img loading=\"lazy\" decoding=\"async\" width=\"1024\" height=\"674\" src=\"https:\/\/olloworld.com\/magazine\/wp-content\/uploads\/2019\/07\/Screen-Shot-2019-07-27-at-15.38.05-1024x674.png\" alt=\"\" data-id=\"1687\" data-link=\"https:\/\/olloworld.com\/magazine\/?attachment_id=1687\" class=\"wp-image-1687\" srcset=\"https:\/\/olloworld.com\/magazine\/wp-content\/uploads\/2019\/07\/Screen-Shot-2019-07-27-at-15.38.05-1024x674.png 1024w, https:\/\/olloworld.com\/magazine\/wp-content\/uploads\/2019\/07\/Screen-Shot-2019-07-27-at-15.38.05-300x197.png 300w, https:\/\/olloworld.com\/magazine\/wp-content\/uploads\/2019\/07\/Screen-Shot-2019-07-27-at-15.38.05.png 1380w, https:\/\/olloworld.com\/magazine\/wp-content\/uploads\/2019\/07\/Screen-Shot-2019-07-27-at-15.38.05-300x197@2x.png 600w\" sizes=\"auto, (max-width: 1024px) 100vw, 1024px\" \/><\/figure><\/li><\/ul><figcaption class=\"blocks-gallery-caption\">Kategorien-Icons<\/figcaption><\/figure>\n\n\n\n<h2 class=\"wp-block-heading\">Sammle Pins &amp; Pfade mit der OllO World App<\/h2>\n\n\n\n<p>Wir freuen uns auf Feedback. Fragen k\u00f6nnen \u00fcber das Kontaktformular an uns gerichtet werden.<\/p>\n\n\n\n<p>Vielleicht gef\u00e4llt diese Reise nach <a href=\"https:\/\/olloworld.com\/magazine\/de\/bellinzona-stadt-der-burgen\/\">Bellinzona<\/a>. Informationen \u00fcber die App kann unter folgendem <a href=\"http:\/\/www.olloworld.com\">Link<\/a> nachgelesen werden.<\/p>\n","protected":false},"excerpt":{"rendered":"<p>OllO World App. OllO World ist eine Kommunikations-Plattform f\u00fcr Reise- und Freizeitaktivit\u00e4ten. Benutzer erstellen ihre eigenen Pins und Pfade, um die besuchten Orte zu dokumentieren. Andere Benutzer k\u00f6nnen Feedbacks und Kommentare hinzuf\u00fcgen. Alle Pins, auch die anderer, d\u00fcrfen in den eigenen Pfad integriert werden. Damit ist die App eine Inspirationsplattform f\u00fcr zuk\u00fcnftige Abenteuer. Lade die &hellip;<\/p>\n","protected":false},"author":2,"featured_media":2784,"parent":0,"menu_order":0,"comment_status":"closed","ping_status":"closed","template":"","meta":{"footnotes":""},"class_list":["post-1684","page","type-page","status-publish","has-post-thumbnail","hentry","entry entry-center"],"yoast_head":"<!-- This site is optimized with the Yoast SEO plugin v27.2 - https:\/\/yoast.com\/product\/yoast-seo-wordpress\/ -->\n<title>OllO World APP - OllO World Magazine<\/title>\n<meta name=\"description\" content=\"OllO World App. OllO World ist eine Kommunikations-Plattform. Sammle Pins und b\u00fcndle sie zu Pfaden. Teile deine Abenteuer mit anderen Reisenden.\" \/>\n<meta name=\"robots\" content=\"index, follow, max-snippet:-1, max-image-preview:large, max-video-preview:-1\" \/>\n<link rel=\"canonical\" href=\"https:\/\/olloworld.com\/magazine\/de\/ollo-world-app\/\" \/>\n<meta property=\"og:locale\" content=\"en_US\" \/>\n<meta property=\"og:type\" content=\"article\" \/>\n<meta property=\"og:title\" content=\"OllO World APP - OllO World Magazine\" \/>\n<meta property=\"og:description\" content=\"OllO World App. OllO World ist eine Kommunikations-Plattform. Sammle Pins und b\u00fcndle sie zu Pfaden. Teile deine Abenteuer mit anderen Reisenden.\" \/>\n<meta property=\"og:url\" content=\"https:\/\/olloworld.com\/magazine\/de\/ollo-world-app\/\" \/>\n<meta property=\"og:site_name\" content=\"OllO World Magazine\" \/>\n<meta property=\"article:modified_time\" content=\"2020-11-05T09:54:19+00:00\" \/>\n<meta property=\"og:image\" content=\"https:\/\/olloworld.com\/magazine\/wp-content\/uploads\/2020\/08\/Magazine-Tipps-Tricks.001-1024x576.png\" \/>\n\t<meta property=\"og:image:width\" content=\"1024\" \/>\n\t<meta property=\"og:image:height\" content=\"576\" \/>\n\t<meta property=\"og:image:type\" content=\"image\/png\" \/>\n<meta name=\"twitter:card\" content=\"summary_large_image\" \/>\n<meta name=\"twitter:label1\" content=\"Est. reading time\" \/>\n\t<meta name=\"twitter:data1\" content=\"1 minute\" \/>\n<script type=\"application\/ld+json\" class=\"yoast-schema-graph\">{\"@context\":\"https:\/\/schema.org\",\"@graph\":[{\"@type\":\"WebPage\",\"@id\":\"https:\/\/olloworld.com\/magazine\/de\/ollo-world-app\/\",\"url\":\"https:\/\/olloworld.com\/magazine\/de\/ollo-world-app\/\",\"name\":\"OllO World APP - OllO World Magazine\",\"isPartOf\":{\"@id\":\"https:\/\/olloworld.com\/magazine\/#website\"},\"primaryImageOfPage\":{\"@id\":\"https:\/\/olloworld.com\/magazine\/de\/ollo-world-app\/#primaryimage\"},\"image\":{\"@id\":\"https:\/\/olloworld.com\/magazine\/de\/ollo-world-app\/#primaryimage\"},\"thumbnailUrl\":\"https:\/\/olloworld.com\/magazine\/wp-content\/uploads\/2020\/08\/Magazine-Tipps-Tricks.001.png\",\"datePublished\":\"2019-09-05T07:39:09+00:00\",\"dateModified\":\"2020-11-05T09:54:19+00:00\",\"description\":\"OllO World App. OllO World ist eine Kommunikations-Plattform. Sammle Pins und b\u00fcndle sie zu Pfaden. Teile deine Abenteuer mit anderen Reisenden.\",\"breadcrumb\":{\"@id\":\"https:\/\/olloworld.com\/magazine\/de\/ollo-world-app\/#breadcrumb\"},\"inLanguage\":\"en-US\",\"potentialAction\":[{\"@type\":\"ReadAction\",\"target\":[\"https:\/\/olloworld.com\/magazine\/de\/ollo-world-app\/\"]}]},{\"@type\":\"ImageObject\",\"inLanguage\":\"en-US\",\"@id\":\"https:\/\/olloworld.com\/magazine\/de\/ollo-world-app\/#primaryimage\",\"url\":\"https:\/\/olloworld.com\/magazine\/wp-content\/uploads\/2020\/08\/Magazine-Tipps-Tricks.001.png\",\"contentUrl\":\"https:\/\/olloworld.com\/magazine\/wp-content\/uploads\/2020\/08\/Magazine-Tipps-Tricks.001.png\",\"width\":1920,\"height\":1080},{\"@type\":\"BreadcrumbList\",\"@id\":\"https:\/\/olloworld.com\/magazine\/de\/ollo-world-app\/#breadcrumb\",\"itemListElement\":[{\"@type\":\"ListItem\",\"position\":1,\"name\":\"Home\",\"item\":\"https:\/\/olloworld.com\/magazine\/en\/\"},{\"@type\":\"ListItem\",\"position\":2,\"name\":\"OllO World APP\"}]},{\"@type\":\"WebSite\",\"@id\":\"https:\/\/olloworld.com\/magazine\/#website\",\"url\":\"https:\/\/olloworld.com\/magazine\/\",\"name\":\"OllO World Magazine\",\"description\":\"Travel Magazine &amp; App\",\"potentialAction\":[{\"@type\":\"SearchAction\",\"target\":{\"@type\":\"EntryPoint\",\"urlTemplate\":\"https:\/\/olloworld.com\/magazine\/?s={search_term_string}\"},\"query-input\":{\"@type\":\"PropertyValueSpecification\",\"valueRequired\":true,\"valueName\":\"search_term_string\"}}],\"inLanguage\":\"en-US\"}]}<\/script>\n<!-- \/ Yoast SEO plugin. -->","yoast_head_json":{"title":"OllO World APP - OllO World Magazine","description":"OllO World App. OllO World ist eine Kommunikations-Plattform. Sammle Pins und b\u00fcndle sie zu Pfaden. Teile deine Abenteuer mit anderen Reisenden.","robots":{"index":"index","follow":"follow","max-snippet":"max-snippet:-1","max-image-preview":"max-image-preview:large","max-video-preview":"max-video-preview:-1"},"canonical":"https:\/\/olloworld.com\/magazine\/de\/ollo-world-app\/","og_locale":"en_US","og_type":"article","og_title":"OllO World APP - OllO World Magazine","og_description":"OllO World App. OllO World ist eine Kommunikations-Plattform. Sammle Pins und b\u00fcndle sie zu Pfaden. Teile deine Abenteuer mit anderen Reisenden.","og_url":"https:\/\/olloworld.com\/magazine\/de\/ollo-world-app\/","og_site_name":"OllO World Magazine","article_modified_time":"2020-11-05T09:54:19+00:00","og_image":[{"width":1024,"height":576,"url":"https:\/\/olloworld.com\/magazine\/wp-content\/uploads\/2020\/08\/Magazine-Tipps-Tricks.001-1024x576.png","type":"image\/png"}],"twitter_card":"summary_large_image","twitter_misc":{"Est. reading time":"1 minute"},"schema":{"@context":"https:\/\/schema.org","@graph":[{"@type":"WebPage","@id":"https:\/\/olloworld.com\/magazine\/de\/ollo-world-app\/","url":"https:\/\/olloworld.com\/magazine\/de\/ollo-world-app\/","name":"OllO World APP - OllO World Magazine","isPartOf":{"@id":"https:\/\/olloworld.com\/magazine\/#website"},"primaryImageOfPage":{"@id":"https:\/\/olloworld.com\/magazine\/de\/ollo-world-app\/#primaryimage"},"image":{"@id":"https:\/\/olloworld.com\/magazine\/de\/ollo-world-app\/#primaryimage"},"thumbnailUrl":"https:\/\/olloworld.com\/magazine\/wp-content\/uploads\/2020\/08\/Magazine-Tipps-Tricks.001.png","datePublished":"2019-09-05T07:39:09+00:00","dateModified":"2020-11-05T09:54:19+00:00","description":"OllO World App. OllO World ist eine Kommunikations-Plattform. Sammle Pins und b\u00fcndle sie zu Pfaden. Teile deine Abenteuer mit anderen Reisenden.","breadcrumb":{"@id":"https:\/\/olloworld.com\/magazine\/de\/ollo-world-app\/#breadcrumb"},"inLanguage":"en-US","potentialAction":[{"@type":"ReadAction","target":["https:\/\/olloworld.com\/magazine\/de\/ollo-world-app\/"]}]},{"@type":"ImageObject","inLanguage":"en-US","@id":"https:\/\/olloworld.com\/magazine\/de\/ollo-world-app\/#primaryimage","url":"https:\/\/olloworld.com\/magazine\/wp-content\/uploads\/2020\/08\/Magazine-Tipps-Tricks.001.png","contentUrl":"https:\/\/olloworld.com\/magazine\/wp-content\/uploads\/2020\/08\/Magazine-Tipps-Tricks.001.png","width":1920,"height":1080},{"@type":"BreadcrumbList","@id":"https:\/\/olloworld.com\/magazine\/de\/ollo-world-app\/#breadcrumb","itemListElement":[{"@type":"ListItem","position":1,"name":"Home","item":"https:\/\/olloworld.com\/magazine\/en\/"},{"@type":"ListItem","position":2,"name":"OllO World APP"}]},{"@type":"WebSite","@id":"https:\/\/olloworld.com\/magazine\/#website","url":"https:\/\/olloworld.com\/magazine\/","name":"OllO World Magazine","description":"Travel Magazine &amp; App","potentialAction":[{"@type":"SearchAction","target":{"@type":"EntryPoint","urlTemplate":"https:\/\/olloworld.com\/magazine\/?s={search_term_string}"},"query-input":{"@type":"PropertyValueSpecification","valueRequired":true,"valueName":"search_term_string"}}],"inLanguage":"en-US"}]}},"_links":{"self":[{"href":"https:\/\/olloworld.com\/magazine\/wp-json\/wp\/v2\/pages\/1684","targetHints":{"allow":["GET"]}}],"collection":[{"href":"https:\/\/olloworld.com\/magazine\/wp-json\/wp\/v2\/pages"}],"about":[{"href":"https:\/\/olloworld.com\/magazine\/wp-json\/wp\/v2\/types\/page"}],"author":[{"embeddable":true,"href":"https:\/\/olloworld.com\/magazine\/wp-json\/wp\/v2\/users\/2"}],"replies":[{"embeddable":true,"href":"https:\/\/olloworld.com\/magazine\/wp-json\/wp\/v2\/comments?post=1684"}],"version-history":[{"count":16,"href":"https:\/\/olloworld.com\/magazine\/wp-json\/wp\/v2\/pages\/1684\/revisions"}],"predecessor-version":[{"id":2997,"href":"https:\/\/olloworld.com\/magazine\/wp-json\/wp\/v2\/pages\/1684\/revisions\/2997"}],"wp:featuredmedia":[{"embeddable":true,"href":"https:\/\/olloworld.com\/magazine\/wp-json\/wp\/v2\/media\/2784"}],"wp:attachment":[{"href":"https:\/\/olloworld.com\/magazine\/wp-json\/wp\/v2\/media?parent=1684"}],"curies":[{"name":"wp","href":"https:\/\/api.w.org\/{rel}","templated":true}]}}